{"id":1150,"date":"2022-04-05T16:40:31","date_gmt":"2022-04-05T16:40:31","guid":{"rendered":"https:\/\/saltysurfpopoyo.com\/index.php\/eat-drinks\/"},"modified":"2026-02-10T17:33:00","modified_gmt":"2026-02-10T17:33:00","slug":"ou-manger","status":"publish","type":"page","link":"https:\/\/saltysurfpopoyo.com\/fr\/index.php\/ou-manger\/","title":{"rendered":"O\u00f9 manger?"},"content":{"rendered":"<p>[vc_row][vc_column][vc_column_text]<\/p>\n<h1 style=\"text-align: center;\"><strong>\u00ab\u00a0SALTY SURF POPOYO\u00a0\u00bb<\/strong><\/h1>\n<p>[\/vc_column_text][vc_column_text]<\/p>\n<p class=\"tw-data-text tw-text-large tw-ta\" dir=\"ltr\" data-placeholder=\"Translation\"><span class=\"Y2IQFc\" lang=\"fr\">Vous aimez cuisiner?\u00a0 Vous allez adorer les \u00ab\u00a0<strong>Bajatas<\/strong>\u00ab\u00a0, ces camions de fruits et l\u00e9gumes qui s&rsquo;arr\u00eatent tous les jours au portail.<\/span><\/p>\n<p class=\"tw-data-text tw-text-large tw-ta\" dir=\"ltr\" data-placeholder=\"Translation\"><span class=\"Y2IQFc\" lang=\"fr\">Ils apportent fruits et l\u00e9gumes frais, parfois des \u0153ufs, parfois du fromage, parfois du poulet, etc. <\/span><\/p>\n<p class=\"tw-data-text tw-text-large tw-ta\" dir=\"ltr\" data-placeholder=\"Translation\"><span class=\"Y2IQFc\" lang=\"fr\">Solutions de livraison, Carniceria Selecta propose des viandes vraiment bonnes et fra\u00eeches.\u00a0<\/span><\/p>\n<p>[\/vc_column_text][vc_row_inner][vc_column_inner width=\u00a0\u00bb1\/3&Prime;][vc_single_image image=\u00a0\u00bb986&Prime; img_size=\u00a0\u00bblarge\u00a0\u00bb][\/vc_column_inner][vc_column_inner width=\u00a0\u00bb1\/3&Prime;][vc_single_image image=\u00a0\u00bb839&Prime; img_size=\u00a0\u00bblarge\u00a0\u00bb][\/vc_column_inner][vc_column_inner width=\u00a0\u00bb1\/3&Prime;][vc_single_image image=\u00a0\u00bb994&Prime; img_size=\u00a0\u00bblarge\u00a0\u00bb][\/vc_column_inner][\/vc_row_inner][\/vc_column][\/vc_row][vc_row][vc_column][vc_column_text]<\/p>\n<h2 style=\"text-align: center;\">Nous avons la chance d&rsquo;avoir de nombreux et bons restaurants \u00e0 proximit\u00e9 (\u00a0 2 \u00e0 10 min \u00e0 pied)<\/h2>\n<p>[\/vc_column_text][\/vc_column][\/vc_row][vc_row][vc_column width=\u00a0\u00bb1\/3&Prime;][vc_single_image image=\u00a0\u00bb878&Prime; img_size=\u00a0\u00bbfull\u00a0\u00bb title=\u00a0\u00bbMagnific Rock $$\u00a0\u00bb][vc_column_text]Le spot pour le sunset, vue incroyable.[\/vc_column_text][\/vc_column][vc_column width=\u00a0\u00bb1\/3&Prime;][vc_single_image image=\u00a0\u00bb854&Prime; img_size=\u00a0\u00bbfull\u00a0\u00bb title=\u00a0\u00bbCafe Con Leche $$\u00a0\u00bb][vc_column_text]<\/p>\n<p id=\"tw-target-text\" class=\"tw-data-text tw-text-large tw-ta\" dir=\"ltr\" data-placeholder=\"Translation\"><span class=\"Y2IQFc\" lang=\"fr\">Bonne ambiance qu\u00e9b\u00e9coise, Barbecue et fiesta le samedi soir, le Tomahawk est la sp\u00e9cialit\u00e9\u2026Pensez \u00e0 r\u00e9server le v\u00f4tre!!!<\/span><\/p>\n<p>[\/vc_column_text][\/vc_column][vc_column width=\u00a0\u00bb1\/3&Prime;][vc_single_image image=\u00a0\u00bb894&Prime; img_size=\u00a0\u00bbfull\u00a0\u00bb title=\u00a0\u00bbSoda Luna $\u00a0\u00bb][vc_column_text]Restaurant local, accueil tr\u00e8s chaleureux, plats typiques du Nicaragua&#8230; Une excellente adresse.[\/vc_column_text][\/vc_column][\/vc_row][vc_row][vc_column width=\u00a0\u00bb1\/3&Prime;][vc_single_image image=\u00a0\u00bb890&Prime; img_size=\u00a0\u00bbfull\u00a0\u00bb title=\u00a0\u00bbPopoyo Republic. $$\u00a0\u00bb][vc_column_text]<\/p>\n<p id=\"tw-target-text\" class=\"tw-data-text tw-text-large tw-ta\" dir=\"ltr\" data-placeholder=\"Translation\"><span class=\"Y2IQFc\" lang=\"fr\">Ouvert jeudi, vendredi et samedi. Au menu poke bowl, fish &amp; chips, Tataki etc\u2026 excellente ambiance, l&rsquo;endroit branch\u00e9 pour le week-end.<\/span><\/p>\n<p>[\/vc_column_text][\/vc_column][vc_column width=\u00a0\u00bb1\/3&Prime;][vc_single_image image=\u00a0\u00bb850&Prime; img_size=\u00a0\u00bbfull\u00a0\u00bb title=\u00a0\u00bb99 Surf Lodge $$\u00a0\u00bb][vc_column_text]<\/p>\n<p id=\"tw-target-text\" class=\"tw-data-text tw-text-large tw-ta\" dir=\"ltr\" data-placeholder=\"Translation\"><span class=\"Y2IQFc\" lang=\"fr\">Sur la plage avec une belle piscine \u00e0 d\u00e9bordement\u2026. Pizzas, burgers, salades au programme.<\/span><\/p>\n<p>[\/vc_column_text][\/vc_column][vc_column width=\u00a0\u00bb1\/3&Prime;][vc_single_image image=\u00a0\u00bb866&Prime; img_size=\u00a0\u00bbfull\u00a0\u00bb title=\u00a0\u00bbHappy Coconut $$\u00a0\u00bb][vc_column_text]<\/p>\n<p id=\"tw-target-text\" class=\"tw-data-text tw-text-large tw-ta\" dir=\"ltr\" data-placeholder=\"Translation\"><span class=\"Y2IQFc\" lang=\"fr\">Sur la plage, \u00e0 2 min \u00e0 pied du spot de surf de Santana\u2026 Bon spot pour petit-d\u00e9jeuner, d\u00e9jeuner et d\u00eener. Burgers, langoustes, poisson frit etc&#8230;<\/span><\/p>\n<p>[\/vc_column_text][\/vc_column][\/vc_row][vc_row][vc_column][vc_column_text]<\/p>\n<h2 id=\"tw-target-text\" class=\"tw-data-text tw-text-large tw-ta\" dir=\"ltr\" style=\"text-align: center;\" data-placeholder=\"Translation\"><span class=\"Y2IQFc\" lang=\"fr\">Restaurants Proches &amp; Livraisons<\/span><\/h2>\n<h2 style=\"text-align: center;\">DELIVERY!<\/h2>\n<p>[\/vc_column_text][vc_row_inner][vc_column_inner width=\u00a0\u00bb1\/3&Prime;][vc_single_image image=\u00a0\u00bb934&Prime; img_size=\u00a0\u00bbfull\u00a0\u00bb title=\u00a0\u00bbLoma Del Sabor $\u00a0\u00bb][vc_column_text]<\/p>\n<p id=\"tw-target-text\" class=\"tw-data-text tw-text-large tw-ta\" dir=\"ltr\" data-placeholder=\"Translation\"><span class=\"Y2IQFc\" lang=\"fr\">Les meilleurs tacos de la ville, restaurant typique Nica. Vraiment recommand\u00e9.<\/span><\/p>\n<p>[\/vc_column_text][\/vc_column_inner][vc_column_inner width=\u00a0\u00bb1\/3&Prime;][vc_single_image image=\u00a0\u00bb858&Prime; img_size=\u00a0\u00bbfull\u00a0\u00bb title=\u00a0\u00bbLa Calabria\u00a0\u00bb][vc_column_text]<\/p>\n<p id=\"tw-target-text\" class=\"tw-data-text tw-text-large tw-ta\" dir=\"ltr\" data-placeholder=\"Translation\"><span class=\"Y2IQFc\" lang=\"fr\">Tr\u00e8s bonne pizzeria, four \u00e0 bois <\/span><\/p>\n<p class=\"tw-data-text tw-text-large tw-ta\" dir=\"ltr\" data-placeholder=\"Translation\"><span class=\"Y2IQFc\" lang=\"fr\">Encore mieux si vous y allez !<\/span><\/p>\n<p>[\/vc_column_text][\/vc_column_inner][vc_column_inner width=\u00a0\u00bb1\/3&Prime;][vc_single_image image=\u00a0\u00bb874&Prime; img_size=\u00a0\u00bbfull\u00a0\u00bb title=\u00a0\u00bbMad Dog Pizza $$\u00a0\u00bb][vc_column_text]<\/p>\n<p id=\"tw-target-text\" class=\"tw-data-text tw-text-large tw-ta\" dir=\"ltr\" data-placeholder=\"Translation\"><span class=\"Y2IQFc\" lang=\"fr\">Pizzeria situ\u00e9e \u00e0 Limon 2, pizzas \u00e0 l&rsquo;am\u00e9ricaine, portions g\u00e9n\u00e9reuses<\/span><\/p>\n<p>[\/vc_column_text][\/vc_column_inner][\/vc_row_inner][\/vc_column][\/vc_row][vc_row][vc_column][vc_column_text]<\/p>\n<h2 style=\"text-align: center;\">Tiendas<\/h2>\n<p>[\/vc_column_text][\/vc_column][\/vc_row][vc_row][vc_column width=\u00a0\u00bb1\/2&Prime;][vc_column_text]Situ\u00e9 \u00e0 limon 2, des \u00ab\u00a0Hermanas\u00a0\u00bb vraiment sympathiques, le magasin est petit mais elles ont tout ce dont vous avez besoin et plus encore !!![\/vc_column_text][vc_single_image image=\u00a0\u00bb974&Prime; img_size=\u00a0\u00bblarge\u00a0\u00bb alignment=\u00a0\u00bbcenter\u00a0\u00bb][\/vc_column][vc_column width=\u00a0\u00bb1\/2&Prime;][vc_row_inner][vc_column_inner][vc_column_text]<\/p>\n<p id=\"tw-target-text\" class=\"tw-data-text tw-text-large tw-ta\" dir=\"ltr\" data-placeholder=\"Translation\"><span class=\"Y2IQFc\" lang=\"fr\">Mon bon ami Oscar a tout ce qu&rsquo;il vous faut&#8230;Magasin principal \u00e0 Las Salinas, il peut m\u00eame livrer pour quelques cordobas.<\/span><\/p>\n<p>[\/vc_column_text][vc_single_image image=\u00a0\u00bb978&Prime; img_size=\u00a0\u00bblarge\u00a0\u00bb alignment=\u00a0\u00bbcenter\u00a0\u00bb][\/vc_column_inner][\/vc_row_inner][\/vc_column][\/vc_row][vc_row][vc_column][vc_column_text]<\/p>\n<h2 style=\"text-align: center;\">Poissons frais &amp; Langoustes<\/h2>\n<p>[\/vc_column_text][vc_row_inner][vc_column_inner width=\u00a0\u00bb1\/2&Prime;][vc_single_image image=\u00a0\u00bb2591&Prime; img_size=\u00a0\u00bbmedium\u00a0\u00bb title=\u00a0\u00bbLook for Bladimir\u00a0\u00bb][\/vc_column_inner][vc_column_inner width=\u00a0\u00bb1\/2&Prime;][vc_single_image image=\u00a0\u00bb2587&Prime; img_size=\u00a0\u00bbmedium\u00a0\u00bb title=\u00a0\u00bbIn Limon 2 \/\/ Delivery as well\u00a0\u00bb][\/vc_column_inner][\/vc_row_inner][\/vc_column][\/vc_row]<\/p>\n","protected":false},"excerpt":{"rendered":"<p>[vc_row][vc_column][vc_column_text] \u00ab\u00a0SALTY SURF POPOYO\u00a0\u00bb [\/vc_column_text][vc_column_text] Vous aimez cuisiner?\u00a0 Vous allez adorer les \u00ab\u00a0Bajatas\u00ab\u00a0, ces camions de fruits et l\u00e9gumes qui&hellip;<\/p>\n","protected":false},"author":2,"featured_media":0,"parent":0,"menu_order":0,"comment_status":"closed","ping_status":"closed","template":"","meta":{"_coblocks_attr":"","_coblocks_dimensions":"","_coblocks_responsive_height":"","_coblocks_accordion_ie_support":"","_monsterinsights_skip_tracking":false,"_monsterinsights_sitenote_active":false,"_monsterinsights_sitenote_note":"","_monsterinsights_sitenote_category":0,"footnotes":""},"class_list":["post-1150","page","type-page","status-publish","hentry"],"yoast_head":"<!-- This site is optimized with the Yoast SEO plugin v22.5 - https:\/\/yoast.com\/wordpress\/plugins\/seo\/ -->\n<title>O\u00f9 manger? | SALTY SURF POPOYO | Nicaragua | restaurant | O\u00f9 sortir?<\/title>\n<meta name=\"description\" content=\"De nombreux restaurants et lieux ou sortir proche de SALTY SURF POPOYO, bonne ambiance \u00e0 la plage de Popoyo, Nicaragua\" \/>\n<meta name=\"robots\" content=\"index, follow, max-snippet:-1, max-image-preview:large, max-video-preview:-1\" \/>\n<link rel=\"canonical\" href=\"https:\/\/saltysurfpopoyo.com\/fr\/index.php\/ou-manger\/\" \/>\n<meta property=\"og:locale\" content=\"fr_FR\" \/>\n<meta property=\"og:type\" content=\"article\" \/>\n<meta property=\"og:title\" content=\"O\u00f9 manger? | SALTY SURF POPOYO | Nicaragua | restaurant | O\u00f9 sortir?\" \/>\n<meta property=\"og:description\" content=\"De nombreux restaurants et lieux ou sortir proche de SALTY SURF POPOYO, bonne ambiance \u00e0 la plage de Popoyo, Nicaragua\" \/>\n<meta property=\"og:url\" content=\"https:\/\/saltysurfpopoyo.com\/fr\/index.php\/ou-manger\/\" \/>\n<meta property=\"og:site_name\" content=\"SALTY SURF POPOYO\/\/ NICARAGUA\" \/>\n<meta property=\"article:modified_time\" content=\"2026-02-10T17:33:00+00:00\" \/>\n<meta name=\"twitter:card\" content=\"summary_large_image\" \/>\n<meta name=\"twitter:label1\" content=\"Dur\u00e9e de lecture estim\u00e9e\" \/>\n\t<meta name=\"twitter:data1\" content=\"3 minutes\" \/>\n<script type=\"application\/ld+json\" class=\"yoast-schema-graph\">{\"@context\":\"https:\/\/schema.org\",\"@graph\":[{\"@type\":\"WebPage\",\"@id\":\"https:\/\/saltysurfpopoyo.com\/fr\/index.php\/ou-manger\/\",\"url\":\"https:\/\/saltysurfpopoyo.com\/fr\/index.php\/ou-manger\/\",\"name\":\"O\u00f9 manger? | SALTY SURF POPOYO | Nicaragua | restaurant | O\u00f9 sortir?\",\"isPartOf\":{\"@id\":\"https:\/\/saltysurfpopoyo.com\/fr\/#website\"},\"datePublished\":\"2022-04-05T16:40:31+00:00\",\"dateModified\":\"2026-02-10T17:33:00+00:00\",\"description\":\"De nombreux restaurants et lieux ou sortir proche de SALTY SURF POPOYO, bonne ambiance \u00e0 la plage de Popoyo, Nicaragua\",\"breadcrumb\":{\"@id\":\"https:\/\/saltysurfpopoyo.com\/fr\/index.php\/ou-manger\/#breadcrumb\"},\"inLanguage\":\"fr-FR\",\"potentialAction\":[{\"@type\":\"ReadAction\",\"target\":[\"https:\/\/saltysurfpopoyo.com\/fr\/index.php\/ou-manger\/\"]}]},{\"@type\":\"BreadcrumbList\",\"@id\":\"https:\/\/saltysurfpopoyo.com\/fr\/index.php\/ou-manger\/#breadcrumb\",\"itemListElement\":[{\"@type\":\"ListItem\",\"position\":1,\"name\":\"Home\",\"item\":\"https:\/\/saltysurfpopoyo.com\/fr\/\"},{\"@type\":\"ListItem\",\"position\":2,\"name\":\"O\u00f9 manger?\"}]},{\"@type\":\"WebSite\",\"@id\":\"https:\/\/saltysurfpopoyo.com\/fr\/#website\",\"url\":\"https:\/\/saltysurfpopoyo.com\/fr\/\",\"name\":\"SALTY SURF POPOYO\/\/ NICARAGUA\",\"description\":\"Beachfront Surf Houses in Popoyo Nicaragua.\",\"publisher\":{\"@id\":\"https:\/\/saltysurfpopoyo.com\/fr\/#organization\"},\"potentialAction\":[{\"@type\":\"SearchAction\",\"target\":{\"@type\":\"EntryPoint\",\"urlTemplate\":\"https:\/\/saltysurfpopoyo.com\/fr\/?s={search_term_string}\"},\"query-input\":\"required name=search_term_string\"}],\"inLanguage\":\"fr-FR\"},{\"@type\":\"Organization\",\"@id\":\"https:\/\/saltysurfpopoyo.com\/fr\/#organization\",\"name\":\"SALTY SURF POPOYO\/\/ NICARAGUA\",\"url\":\"https:\/\/saltysurfpopoyo.com\/fr\/\",\"logo\":{\"@type\":\"ImageObject\",\"inLanguage\":\"fr-FR\",\"@id\":\"https:\/\/saltysurfpopoyo.com\/fr\/#\/schema\/logo\/image\/\",\"url\":\"https:\/\/saltysurfpopoyo.com\/wp-content\/uploads\/2024\/05\/cropped-Salty-Surf-Popoyo-scaled-1.jpg\",\"contentUrl\":\"https:\/\/saltysurfpopoyo.com\/wp-content\/uploads\/2024\/05\/cropped-Salty-Surf-Popoyo-scaled-1.jpg\",\"width\":2559,\"height\":2392,\"caption\":\"SALTY SURF POPOYO\/\/ NICARAGUA\"},\"image\":{\"@id\":\"https:\/\/saltysurfpopoyo.com\/fr\/#\/schema\/logo\/image\/\"}}]}<\/script>\n<!-- \/ Yoast SEO plugin. -->","yoast_head_json":{"title":"O\u00f9 manger? | SALTY SURF POPOYO | Nicaragua | restaurant | O\u00f9 sortir?","description":"De nombreux restaurants et lieux ou sortir proche de SALTY SURF POPOYO, bonne ambiance \u00e0 la plage de Popoyo, Nicaragua","robots":{"index":"index","follow":"follow","max-snippet":"max-snippet:-1","max-image-preview":"max-image-preview:large","max-video-preview":"max-video-preview:-1"},"canonical":"https:\/\/saltysurfpopoyo.com\/fr\/index.php\/ou-manger\/","og_locale":"fr_FR","og_type":"article","og_title":"O\u00f9 manger? | SALTY SURF POPOYO | Nicaragua | restaurant | O\u00f9 sortir?","og_description":"De nombreux restaurants et lieux ou sortir proche de SALTY SURF POPOYO, bonne ambiance \u00e0 la plage de Popoyo, Nicaragua","og_url":"https:\/\/saltysurfpopoyo.com\/fr\/index.php\/ou-manger\/","og_site_name":"SALTY SURF POPOYO\/\/ NICARAGUA","article_modified_time":"2026-02-10T17:33:00+00:00","twitter_card":"summary_large_image","twitter_misc":{"Dur\u00e9e de lecture estim\u00e9e":"3 minutes"},"schema":{"@context":"https:\/\/schema.org","@graph":[{"@type":"WebPage","@id":"https:\/\/saltysurfpopoyo.com\/fr\/index.php\/ou-manger\/","url":"https:\/\/saltysurfpopoyo.com\/fr\/index.php\/ou-manger\/","name":"O\u00f9 manger? | SALTY SURF POPOYO | Nicaragua | restaurant | O\u00f9 sortir?","isPartOf":{"@id":"https:\/\/saltysurfpopoyo.com\/fr\/#website"},"datePublished":"2022-04-05T16:40:31+00:00","dateModified":"2026-02-10T17:33:00+00:00","description":"De nombreux restaurants et lieux ou sortir proche de SALTY SURF POPOYO, bonne ambiance \u00e0 la plage de Popoyo, Nicaragua","breadcrumb":{"@id":"https:\/\/saltysurfpopoyo.com\/fr\/index.php\/ou-manger\/#breadcrumb"},"inLanguage":"fr-FR","potentialAction":[{"@type":"ReadAction","target":["https:\/\/saltysurfpopoyo.com\/fr\/index.php\/ou-manger\/"]}]},{"@type":"BreadcrumbList","@id":"https:\/\/saltysurfpopoyo.com\/fr\/index.php\/ou-manger\/#breadcrumb","itemListElement":[{"@type":"ListItem","position":1,"name":"Home","item":"https:\/\/saltysurfpopoyo.com\/fr\/"},{"@type":"ListItem","position":2,"name":"O\u00f9 manger?"}]},{"@type":"WebSite","@id":"https:\/\/saltysurfpopoyo.com\/fr\/#website","url":"https:\/\/saltysurfpopoyo.com\/fr\/","name":"SALTY SURF POPOYO\/\/ NICARAGUA","description":"Beachfront Surf Houses in Popoyo Nicaragua.","publisher":{"@id":"https:\/\/saltysurfpopoyo.com\/fr\/#organization"},"potentialAction":[{"@type":"SearchAction","target":{"@type":"EntryPoint","urlTemplate":"https:\/\/saltysurfpopoyo.com\/fr\/?s={search_term_string}"},"query-input":"required name=search_term_string"}],"inLanguage":"fr-FR"},{"@type":"Organization","@id":"https:\/\/saltysurfpopoyo.com\/fr\/#organization","name":"SALTY SURF POPOYO\/\/ NICARAGUA","url":"https:\/\/saltysurfpopoyo.com\/fr\/","logo":{"@type":"ImageObject","inLanguage":"fr-FR","@id":"https:\/\/saltysurfpopoyo.com\/fr\/#\/schema\/logo\/image\/","url":"https:\/\/saltysurfpopoyo.com\/wp-content\/uploads\/2024\/05\/cropped-Salty-Surf-Popoyo-scaled-1.jpg","contentUrl":"https:\/\/saltysurfpopoyo.com\/wp-content\/uploads\/2024\/05\/cropped-Salty-Surf-Popoyo-scaled-1.jpg","width":2559,"height":2392,"caption":"SALTY SURF POPOYO\/\/ NICARAGUA"},"image":{"@id":"https:\/\/saltysurfpopoyo.com\/fr\/#\/schema\/logo\/image\/"}}]}},"_links":{"self":[{"href":"https:\/\/saltysurfpopoyo.com\/fr\/index.php\/wp-json\/wp\/v2\/pages\/1150","targetHints":{"allow":["GET"]}}],"collection":[{"href":"https:\/\/saltysurfpopoyo.com\/fr\/index.php\/wp-json\/wp\/v2\/pages"}],"about":[{"href":"https:\/\/saltysurfpopoyo.com\/fr\/index.php\/wp-json\/wp\/v2\/types\/page"}],"author":[{"embeddable":true,"href":"https:\/\/saltysurfpopoyo.com\/fr\/index.php\/wp-json\/wp\/v2\/users\/2"}],"replies":[{"embeddable":true,"href":"https:\/\/saltysurfpopoyo.com\/fr\/index.php\/wp-json\/wp\/v2\/comments?post=1150"}],"version-history":[{"count":17,"href":"https:\/\/saltysurfpopoyo.com\/fr\/index.php\/wp-json\/wp\/v2\/pages\/1150\/revisions"}],"predecessor-version":[{"id":2971,"href":"https:\/\/saltysurfpopoyo.com\/fr\/index.php\/wp-json\/wp\/v2\/pages\/1150\/revisions\/2971"}],"wp:attachment":[{"href":"https:\/\/saltysurfpopoyo.com\/fr\/index.php\/wp-json\/wp\/v2\/media?parent=1150"}],"curies":[{"name":"wp","href":"https:\/\/api.w.org\/{rel}","templated":true}]}}