{"id":1145,"date":"2021-01-20T20:59:58","date_gmt":"2021-01-20T20:59:58","guid":{"rendered":"https:\/\/saltysurfpopoyo.com\/index.php\/casa-de-playa\/"},"modified":"2022-12-26T12:21:18","modified_gmt":"2022-12-26T12:21:18","slug":"popoyo-beach","status":"publish","type":"page","link":"https:\/\/saltysurfpopoyo.com\/fr\/index.php\/popoyo-beach\/","title":{"rendered":"Popoyo Surf Houses"},"content":{"rendered":"<p>[vc_row][vc_column][vc_column_text]<\/p>\n<h1 id=\"tw-target-text\" class=\"tw-data-text tw-text-large tw-ta\" dir=\"ltr\" data-placeholder=\"Translation\"><span class=\"Y2IQFc\" lang=\"fr\">\u00ab R\u00e9veillez-vous le matin, prenez un caf\u00e9 et profitez du lever de soleil sur la plage \u00bb<\/span><\/h1>\n<p>[\/vc_column_text][vc_images_carousel images=\u00a0\u00bb1029,1021,1025,1033,1045,1049,1041,1037&Prime; img_size=\u00a0\u00bbfull\u00a0\u00bb][vc_row_inner][vc_column_inner][vc_column_text]<\/p>\n<h2 id=\"tw-target-text\" class=\"tw-data-text tw-text-large tw-ta\" dir=\"ltr\" style=\"text-align: center;\" data-placeholder=\"Translation\"><span class=\"Y2IQFc\" lang=\"fr\">\u00ab\u00a0Emplacement incroyable au centre de la plage de Popoyo, <strong>Nicaragua<\/strong>\u00ab\u00a0<\/span><\/h2>\n<p class=\"tw-data-text tw-text-large tw-ta\" dir=\"ltr\" data-placeholder=\"Translation\"><span class=\"Y2IQFc\" lang=\"fr\">Que vous veniez pour vous d\u00e9tendre et profiter de la plage, pour les vagues incroyables de la r\u00e9gion ou pour travailler, vous adorerez les <strong>surf houses<\/strong> et l&#8217;emplacement.<\/span><\/p>\n<ul>\n<li dir=\"ltr\" data-placeholder=\"Translation\">Sur la plage<\/li>\n<li dir=\"ltr\" data-placeholder=\"Translation\"><span style=\"font-size: 1rem;\">Bons restaurants \u00e0 proximit\u00e9 (quelques minutes \u00e0 pied sur la plage)<\/span><\/li>\n<li dir=\"ltr\" data-placeholder=\"Translation\"><span style=\"font-size: 1rem;\">Environnement convivial et bonne ambiance<\/span><\/li>\n<li dir=\"ltr\" data-placeholder=\"Translation\"><span style=\"font-size: 1rem;\">Moderne &amp; Confortable<\/span><\/li>\n<li dir=\"ltr\" data-placeholder=\"Translation\">Spots de surf et activit\u00e9s \u00e0 pied<\/li>\n<\/ul>\n<p>[\/vc_column_text][\/vc_column_inner][\/vc_row_inner][\/vc_column][\/vc_row][vc_row][vc_column width=\u00a0\u00bb1\/2&Prime;][vc_images_carousel images=\u00a0\u00bb2753,2777,2765,2769,2761,2757,2745,2717,2721,2725,2729,2733,2737,2741,2713,2701,2697,2693,2685,2681,2873,2845,2817,2825,2821,2829,2849,2853,2861,2833,2837,2869,2865,2841&Prime; img_size=\u00a0\u00bbfull\u00a0\u00bb title=\u00a0\u00bbCASA SINGLE FIN\u00a0\u00bb][vc_column_text]<\/p>\n<ul>\n<li>3 chambres \/ 2 sdb<\/li>\n<li>Lit king size, Lit queen size et 2 lits simples<\/li>\n<li>6 personnes max<\/li>\n<li>190$\/ night ( Descuentos s\u00e9jours longs)<\/li>\n<\/ul>\n<p>[\/vc_column_text][vc_btn title=\u00a0\u00bb+ d&rsquo;infos CASA SINGLE FIN\u00a0\u00bb color=\u00a0\u00bbturquoise\u00a0\u00bb link=\u00a0\u00bburl:https%3A%2F%2Fsaltysurfpopoyo.com%2Ffr%2Findex.php%2Fcasa-single-fin%2F|title:Casa%20Thruster||\u00a0\u00bb][\/vc_column][vc_column width=\u00a0\u00bb1\/2&Prime;][vc_images_carousel images=\u00a0\u00bb2795,780,776,768,744,748,752,784,1196,756,760,764&Prime; img_size=\u00a0\u00bbfull\u00a0\u00bb title=\u00a0\u00bbCASA TWIN FINS\u00a0\u00bb][vc_column_text]<\/p>\n<ul>\n<li>1 chambre\/ 1 sdb<\/li>\n<li>Lit King size<\/li>\n<li>Max 3 person<\/li>\n<li>90$\/nuit ( Descuentos s\u00e9jours longs)<\/li>\n<\/ul>\n<p>[\/vc_column_text][vc_btn title=\u00a0\u00bb+ d&rsquo;infos CASA TWINS FINS\u00a0\u00bb color=\u00a0\u00bbturquoise\u00a0\u00bb link=\u00a0\u00bburl:https%3A%2F%2Fsaltysurfpopoyo.com%2Ffr%2Findex.php%2Fcasa-twin-fins%2F|title:CASA%20TWIN%20FINS||\u00a0\u00bb][\/vc_column][\/vc_row][vc_row][vc_column width=\u00a0\u00bb1\/3&Prime;][vc_images_carousel images=\u00a0\u00bb1192,1252,1244,1240,1248,1256,1260,1264,749,1268&Prime; img_size=\u00a0\u00bbfull\u00a0\u00bb title=\u00a0\u00bbCASA THRUSTER\u00a0\u00bb][vc_column_text]<\/p>\n<ul>\n<li>2 chambres \/ 1 sdb<\/li>\n<li>Lit king size et simple<\/li>\n<li>5 personnes max<\/li>\n<li>150$\/ night ( Descuentos s\u00e9jours longs)<\/li>\n<\/ul>\n<p>[\/vc_column_text][vc_btn title=\u00a0\u00bb+ d&rsquo;infos CASA THRUSTER\u00a0\u00bb color=\u00a0\u00bbturquoise\u00a0\u00bb link=\u00a0\u00bburl:https%3A%2F%2Fsaltysurfpopoyo.com%2Ffr%2Findex.php%2Fcasa-thruster%2F|title:Casa%20Thruster||\u00a0\u00bb][\/vc_column][vc_column width=\u00a0\u00bb1\/3&Prime;][vc_images_carousel images=\u00a0\u00bb1184,1292,1332,1320,1328,1324,1316,1312,1308,1280,1300,1304&Prime; img_size=\u00a0\u00bbfull\u00a0\u00bb title=\u00a0\u00bbCASA QUATTRO\u00a0\u00bb][vc_column_text]<\/p>\n<ul>\n<li>1 chambre\/ 1 sdb<\/li>\n<li>Lit King size<\/li>\n<li>Max 3 person<\/li>\n<li>90$\/nuit ( Descuentos s\u00e9jours longs)<\/li>\n<\/ul>\n<p>[\/vc_column_text][vc_btn title=\u00a0\u00bb+ d&rsquo;infos CASA QUATTRO\u00a0\u00bb color=\u00a0\u00bbturquoise\u00a0\u00bb link=\u00a0\u00bburl:https%3A%2F%2Fsaltysurfpopoyo.com%2Ffr%2Findex.php%2Fcasa-quattro%2F|title:Casa%20Quattro||\u00a0\u00bb][\/vc_column][vc_column width=\u00a0\u00bb1\/3&Prime;][vc_images_carousel images=\u00a0\u00bb1188,726,670,706,714,698,694,718,690,686,678,682,710,702,730,734&Prime; img_size=\u00a0\u00bbfull\u00a0\u00bb title=\u00a0\u00bbSTUDIO BONZER\u00a0\u00bb][vc_column_text]<\/p>\n<ul>\n<li>1bed \/1 bath<\/li>\n<li>Lit Queen size<\/li>\n<li>Max 2 personnes<\/li>\n<li>60$\/nuit ( Descuentos s\u00e9jours longs)<\/li>\n<\/ul>\n<p>[\/vc_column_text][vc_btn title=\u00a0\u00bb+ d&rsquo;infos STUDIO BONZER\u00a0\u00bb color=\u00a0\u00bbturquoise\u00a0\u00bb link=\u00a0\u00bburl:https%3A%2F%2Fsaltysurfpopoyo.com%2Ffr%2Findex.php%2Fstudio-bonzer%2F|title:Studio%20Bonzer||\u00a0\u00bb][\/vc_column][\/vc_row][vc_row][vc_column][vc_column_text]<\/p>\n<h2 style=\"text-align: center;\">Equipements<\/h2>\n<p>[\/vc_column_text][vc_column_text]<\/p>\n<div class=\"vc_row wpb_row vc_row-fluid\">\n<div class=\"wpb_column vc_column_container vc_col-sm-4\">\n<div class=\"vc_column-inner\">\n<div class=\"wpb_wrapper\">\n<div class=\"wpb_text_column wpb_content_element \">\n<div class=\"wpb_wrapper\">\n<p style=\"text-align: center;\">\n<\/div>\n<\/div>\n<\/div>\n<\/div>\n<\/div>\n<\/div>\n<div class=\"vc_row wpb_row vc_row-fluid\">\n<div class=\"wpb_column vc_column_container vc_col-sm-6\">\n<div class=\"vc_column-inner\">\n<div class=\"wpb_wrapper\">\n<div class=\"wpb_text_column wpb_content_element \">\n<div class=\"wpb_wrapper\">\n<ul>\n<li>Aire conditionn\u00e9<\/li>\n<li>WI-FI rapide<\/li>\n<li>Cuisine enti\u00e8rement \u00e9quip\u00e9e<\/li>\n<li>Cafeti\u00e8re, micro-ondes, cuisini\u00e8re et four, blender<\/li>\n<li>Draps &amp; serviettes<\/li>\n<\/ul>\n<\/div>\n<\/div>\n<\/div>\n<\/div>\n<\/div>\n<div class=\"wpb_column vc_column_container vc_col-sm-6\">\n<div class=\"vc_column-inner\">\n<div class=\"wpb_wrapper\">\n<div class=\"wpb_text_column wpb_content_element \">\n<div class=\"wpb_wrapper\">\n<ul>\n<li>Eau potable &amp; gaz<\/li>\n<li>Coffre fort dans la chambre<\/li>\n<li>M\u00e9nage tous les 3 jours<\/li>\n<li>S\u00e9curit\u00e9 24\/7<\/li>\n<\/ul>\n<\/div>\n<\/div>\n<\/div>\n<\/div>\n<\/div>\n<\/div>\n<p>[\/vc_column_text][vc_column_text]Josseline peut laver le linge pour 100 cordobas ( environ 3$ pour une machine \u00e0 laver)[\/vc_column_text][vc_column_text]<\/p>\n<h1 id=\"tw-target-text\" class=\"tw-data-text tw-text-large tw-ta\" dir=\"ltr\" style=\"text-align: center;\" data-placeholder=\"Translation\"><span class=\"Y2IQFc\" lang=\"fr\">\u00ab\u00a0Travailler \u00e0 domicile\u00a0\u00bb au Nicaragua. <\/span><\/h1>\n<p class=\"tw-data-text tw-text-large tw-ta\" dir=\"ltr\" style=\"text-align: left;\" data-placeholder=\"Translation\"><span class=\"Y2IQFc\" lang=\"fr\">Le travail \u00e0 distance s&rsquo;\u00e9tant d\u00e9velopp\u00e9, de nombreuses personnes sont venues s&rsquo;installer dans la r\u00e9gion pour profiter de la douceur de vivre. <\/span><\/p>\n<p class=\"tw-data-text tw-text-large tw-ta\" dir=\"ltr\" style=\"text-align: left;\" data-placeholder=\"Translation\"><span class=\"Y2IQFc\" lang=\"fr\">Nous avons r\u00e9guli\u00e8rement la visite de <strong>Digital Nomads<\/strong> et de personnes venant pour quelques semaines voire mois travailler et d\u00e9couvrir le pays.<\/span><\/p>\n<p class=\"tw-data-text tw-text-large tw-ta\" dir=\"ltr\" style=\"text-align: left;\" data-placeholder=\"Translation\"><span class=\"Y2IQFc\" lang=\"fr\">Alors oui, c&rsquo;est possible, nous avons la meilleure connexion Internet de la r\u00e9gion fournie par Rancho Santana et chaque maison dispose d&rsquo;un onduleur \u00e0 batterie.<\/span><\/p>\n<p class=\"tw-data-text tw-text-large tw-ta\" dir=\"ltr\" style=\"text-align: left;\" data-placeholder=\"Translation\"><strong><em><span class=\"Y2IQFc\" lang=\"fr\">\u00ab\u00a0Le travail \u00e0 distance et le Digital Nomadisme ont apport\u00e9 une nouvelle \u00e9nergie jeune &amp; dynamique \u00e0 la plage. Cela se traduit par une bonne ambiance, des sessions de surf ou de yoga partag\u00e9es ainsi que des rencontres dans les bars &amp; restaurants de la plage\u00a0\u00bb\u00a0\u00a0<\/span><\/em><\/strong><\/p>\n<p>[\/vc_column_text][\/vc_column][\/vc_row][vc_row][vc_column][vc_column_text]<\/p>\n<h2 style=\"text-align: center;\">Activit\u00e9s<\/h2>\n<p>[\/vc_column_text][\/vc_column][\/vc_row][vc_row][vc_column width=\u00a0\u00bb1\/3&Prime;][vc_single_image image=\u00a0\u00bb1058&Prime; img_size=\u00a0\u00bblarge\u00a0\u00bb][\/vc_column][vc_column width=\u00a0\u00bb1\/3&Prime;][vc_single_image image=\u00a0\u00bb1062&Prime; img_size=\u00a0\u00bblarge\u00a0\u00bb][\/vc_column][vc_column width=\u00a0\u00bb1\/3&Prime;][vc_single_image image=\u00a0\u00bb1054&Prime; img_size=\u00a0\u00bblarge\u00a0\u00bb][\/vc_column][vc_column][vc_btn title=\u00a0\u00bb+ D&rsquo;INFOS SUR LES ACTIVITES A POPOYO\u00a0\u00bb color=\u00a0\u00bbturquoise\u00a0\u00bb align=\u00a0\u00bbcenter\u00a0\u00bb i_icon_fontawesome=\u00a0\u00bbfa fa-plane\u00a0\u00bb css_animation=\u00a0\u00bbfadeInLeftBig\u00a0\u00bb button_block=\u00a0\u00bbtrue\u00a0\u00bb add_icon=\u00a0\u00bbtrue\u00a0\u00bb link=\u00a0\u00bburl:https%3A%2F%2Fsaltysurfpopoyo.com%2Ffr%2Findex.php%2Ftalents-locaux%2F|title:Talents%20Locaux||\u00a0\u00bb][\/vc_column][\/vc_row][vc_row][vc_column][vc_column_text]<\/p>\n<p id=\"tw-target-text\" class=\"tw-data-text tw-text-large tw-ta\" dir=\"ltr\" data-placeholder=\"Translation\"><span class=\"Y2IQFc\" lang=\"fr\">Nous souhaitons que cet espace reste calme, priv\u00e9 et exclusif et demandons donc \u00e0 nos clients de respecter quelques r\u00e8gles:<\/span><\/p>\n<ul>\n<li class=\"tw-data-text tw-text-large tw-ta\" dir=\"ltr\" data-placeholder=\"Translation\"><span class=\"Y2IQFc\" lang=\"fr\">Pas de bruit apr\u00e8s 21h<\/span><\/li>\n<li class=\"tw-data-text tw-text-large tw-ta\" dir=\"ltr\" data-placeholder=\"Translation\"><span class=\"Y2IQFc\" lang=\"fr\">Aucun visiteur n&rsquo;est autoris\u00e9, l&rsquo;endroit est r\u00e9serv\u00e9 aux invit\u00e9s. <\/span><\/li>\n<li class=\"tw-data-text tw-text-large tw-ta\" dir=\"ltr\" data-placeholder=\"Translation\"><span class=\"Y2IQFc\" lang=\"fr\">Garder le portail ferm\u00e9 et verrouill\u00e9. <\/span><\/li>\n<li class=\"tw-data-text tw-text-large tw-ta\" dir=\"ltr\" data-placeholder=\"Translation\"><span class=\"Y2IQFc\" lang=\"fr\">Feux d&rsquo;artifice, feux de plage et barbecues interdits \u00e0 cause des toits en palme des bungalows en bois de nos voisins&#8230;Merci de comprendre.<\/span><\/li>\n<\/ul>\n<p>[\/vc_column_text][\/vc_column][\/vc_row][vc_row][vc_column][vc_column_text]<\/p>\n<h2 id=\"tw-target-text\" class=\"tw-data-text tw-text-large tw-ta\" dir=\"ltr\" data-placeholder=\"Translation\"><span class=\"Y2IQFc\" lang=\"fr\">Comment r\u00e9server?<\/span><\/h2>\n<p class=\"tw-data-text tw-text-large tw-ta\" dir=\"ltr\" data-placeholder=\"Translation\"><span class=\"Y2IQFc\" lang=\"fr\">Envoyez-nous un message avec vos dates et le nombre de personnes afin de vous donner nos disponibilit\u00e9s. <\/span><\/p>\n<p class=\"tw-data-text tw-text-large tw-ta\" dir=\"ltr\" data-placeholder=\"Translation\"><span class=\"Y2IQFc\" lang=\"fr\">Pour r\u00e9server, nous demandons un acompte de 50% sur un compte bancaire. Lorsque nous aurons re\u00e7u votre acompte, nous vous enverrons une facture, le solde sera pay\u00e9 en esp\u00e8ces ou par virement bancaire le jour de votre arriv\u00e9e. <\/span><\/p>\n<p class=\"tw-data-text tw-text-large tw-ta\" dir=\"ltr\" data-placeholder=\"Translation\"><span class=\"Y2IQFc\" lang=\"fr\">Si vous le souhaitez, nous pouvons organiser votre transfert vers les <strong>surf houses<\/strong>, nous pouvons le faire depuis l&rsquo;a\u00e9roport de <strong>Managua <\/strong>(Ainsi que de tout le <strong>Nicaragua<\/strong>) ainsi que des a\u00e9roports du <strong>Costa Rica<\/strong>.<\/span><\/p>\n<p>[\/vc_column_text][\/vc_column][\/vc_row][vc_row][vc_column]\n<div class=\"wpcf7 no-js\" id=\"wpcf7-f1359-o1\" lang=\"en-US\" dir=\"ltr\">\n<div class=\"screen-reader-response\"><p role=\"status\" aria-live=\"polite\" aria-atomic=\"true\"><\/p> <ul><\/ul><\/div>\n<form action=\"\/fr\/index.php\/wp-json\/wp\/v2\/pages\/1145#wpcf7-f1359-o1\" method=\"post\" class=\"wpcf7-form init\" aria-label=\"Contact form\" novalidate=\"novalidate\" data-status=\"init\">\n<div style=\"display: none;\">\n<input type=\"hidden\" name=\"_wpcf7\" value=\"1359\" \/>\n<input type=\"hidden\" name=\"_wpcf7_version\" value=\"5.7.7\" \/>\n<input type=\"hidden\" name=\"_wpcf7_locale\" value=\"en_US\" \/>\n<input type=\"hidden\" name=\"_wpcf7_unit_tag\" value=\"wpcf7-f1359-o1\" \/>\n<input type=\"hidden\" name=\"_wpcf7_container_post\" value=\"0\" \/>\n<input type=\"hidden\" name=\"_wpcf7_posted_data_hash\" value=\"\" \/>\n<\/div>\n<p><label> Nom<br \/>\n<span class=\"wpcf7-form-control-wrap\" data-name=\"your-name\"><input size=\"40\" class=\"wpcf7-form-control wpcf7-text wpcf7-validates-as-required\" aria-required=\"true\" aria-invalid=\"false\" value=\"\" type=\"text\" name=\"your-name\" \/><\/span> <\/label>\n<\/p>\n<p><label> Email<br \/>\n<span class=\"wpcf7-form-control-wrap\" data-name=\"your-email\"><input size=\"40\" class=\"wpcf7-form-control wpcf7-text wpcf7-email wpcf7-validates-as-required wpcf7-validates-as-email\" aria-required=\"true\" aria-invalid=\"false\" value=\"\" type=\"email\" name=\"your-email\" \/><\/span> <\/label>\n<\/p>\n<p><label> Sujet<br \/>\n<span class=\"wpcf7-form-control-wrap\" data-name=\"your-subject\"><input size=\"40\" class=\"wpcf7-form-control wpcf7-text wpcf7-validates-as-required\" aria-required=\"true\" aria-invalid=\"false\" value=\"\" type=\"text\" name=\"your-subject\" \/><\/span> <\/label>\n<\/p>\n<p><label> Message (optional)<br \/>\n<span class=\"wpcf7-form-control-wrap\" data-name=\"your-message\"><textarea cols=\"40\" rows=\"10\" class=\"wpcf7-form-control wpcf7-textarea\" aria-invalid=\"false\" name=\"your-message\"><\/textarea><\/span> <\/label>\n<\/p>\n<p><input class=\"wpcf7-form-control has-spinner wpcf7-submit\" type=\"submit\" value=\"ENVOI\" \/>\n<\/p><p style=\"display: none !important;\" class=\"akismet-fields-container\" data-prefix=\"_wpcf7_ak_\"><label>&#916;<textarea name=\"_wpcf7_ak_hp_textarea\" cols=\"45\" rows=\"8\" maxlength=\"100\"><\/textarea><\/label><input type=\"hidden\" id=\"ak_js_1\" name=\"_wpcf7_ak_js\" value=\"68\"\/><script>document.getElementById( \"ak_js_1\" ).setAttribute( \"value\", ( new Date() ).getTime() );<\/script><\/p><div class=\"wpcf7-response-output\" aria-hidden=\"true\"><\/div>\n<\/form>\n<\/div>\n[\/vc_column][\/vc_row]<\/p>\n","protected":false},"excerpt":{"rendered":"<p>[vc_row][vc_column][vc_column_text] \u00ab R\u00e9veillez-vous le matin, prenez un caf\u00e9 et profitez du lever de soleil sur la plage \u00bb [\/vc_column_text][vc_images_carousel images=\u00a0\u00bb1029,1021,1025,1033,1045,1049,1041,1037&Prime;&hellip;<\/p>\n","protected":false},"author":2,"featured_media":0,"parent":0,"menu_order":0,"comment_status":"closed","ping_status":"closed","template":"","meta":{"_coblocks_attr":"","_coblocks_dimensions":"","_coblocks_responsive_height":"","_coblocks_accordion_ie_support":"","_monsterinsights_skip_tracking":false,"_monsterinsights_sitenote_active":false,"_monsterinsights_sitenote_note":"","_monsterinsights_sitenote_category":0,"footnotes":""},"class_list":["post-1145","page","type-page","status-publish","hentry"],"yoast_head":"<!-- This site is optimized with the Yoast SEO plugin v22.5 - https:\/\/yoast.com\/wordpress\/plugins\/seo\/ -->\n<title>Maison de plage | Popoyo Beach | Surf House | Nicaragua | Vagues | Yoga<\/title>\n<meta name=\"description\" content=\"Salty Surf Popoyo, votre maison de plage \u00e0 Popoyo Beach au Nicaragua, nombreux spots de surf et vagues parfaites \u00e0 pied. Surf pour tous.\" \/>\n<meta name=\"robots\" content=\"index, follow, max-snippet:-1, max-image-preview:large, max-video-preview:-1\" \/>\n<link rel=\"canonical\" href=\"https:\/\/saltysurfpopoyo.com\/fr\/index.php\/popoyo-beach\/\" \/>\n<meta property=\"og:locale\" content=\"fr_FR\" \/>\n<meta property=\"og:type\" content=\"article\" \/>\n<meta property=\"og:title\" content=\"Maison de plage | Popoyo Beach | Surf House | Nicaragua | Vagues | Yoga\" \/>\n<meta property=\"og:description\" content=\"Salty Surf Popoyo, votre maison de plage \u00e0 Popoyo Beach au Nicaragua, nombreux spots de surf et vagues parfaites \u00e0 pied. Surf pour tous.\" \/>\n<meta property=\"og:url\" content=\"https:\/\/saltysurfpopoyo.com\/fr\/index.php\/popoyo-beach\/\" \/>\n<meta property=\"og:site_name\" content=\"SALTY SURF POPOYO\/\/ NICARAGUA\" \/>\n<meta property=\"article:modified_time\" content=\"2022-12-26T12:21:18+00:00\" \/>\n<meta name=\"twitter:card\" content=\"summary_large_image\" \/>\n<meta name=\"twitter:label1\" content=\"Dur\u00e9e de lecture estim\u00e9e\" \/>\n\t<meta name=\"twitter:data1\" content=\"3 minutes\" \/>\n<script type=\"application\/ld+json\" class=\"yoast-schema-graph\">{\"@context\":\"https:\/\/schema.org\",\"@graph\":[{\"@type\":\"WebPage\",\"@id\":\"https:\/\/saltysurfpopoyo.com\/fr\/index.php\/popoyo-beach\/\",\"url\":\"https:\/\/saltysurfpopoyo.com\/fr\/index.php\/popoyo-beach\/\",\"name\":\"Maison de plage | Popoyo Beach | Surf House | Nicaragua | Vagues | Yoga\",\"isPartOf\":{\"@id\":\"https:\/\/saltysurfpopoyo.com\/fr\/#website\"},\"datePublished\":\"2021-01-20T20:59:58+00:00\",\"dateModified\":\"2022-12-26T12:21:18+00:00\",\"description\":\"Salty Surf Popoyo, votre maison de plage \u00e0 Popoyo Beach au Nicaragua, nombreux spots de surf et vagues parfaites \u00e0 pied. Surf pour tous.\",\"breadcrumb\":{\"@id\":\"https:\/\/saltysurfpopoyo.com\/fr\/index.php\/popoyo-beach\/#breadcrumb\"},\"inLanguage\":\"fr-FR\",\"potentialAction\":[{\"@type\":\"ReadAction\",\"target\":[\"https:\/\/saltysurfpopoyo.com\/fr\/index.php\/popoyo-beach\/\"]}]},{\"@type\":\"BreadcrumbList\",\"@id\":\"https:\/\/saltysurfpopoyo.com\/fr\/index.php\/popoyo-beach\/#breadcrumb\",\"itemListElement\":[{\"@type\":\"ListItem\",\"position\":1,\"name\":\"Home\",\"item\":\"https:\/\/saltysurfpopoyo.com\/fr\/\"},{\"@type\":\"ListItem\",\"position\":2,\"name\":\"Popoyo Surf Houses\"}]},{\"@type\":\"WebSite\",\"@id\":\"https:\/\/saltysurfpopoyo.com\/fr\/#website\",\"url\":\"https:\/\/saltysurfpopoyo.com\/fr\/\",\"name\":\"SALTY SURF POPOYO\/\/ NICARAGUA\",\"description\":\"Beachfront Surf Houses in Popoyo Nicaragua.\",\"publisher\":{\"@id\":\"https:\/\/saltysurfpopoyo.com\/fr\/#organization\"},\"potentialAction\":[{\"@type\":\"SearchAction\",\"target\":{\"@type\":\"EntryPoint\",\"urlTemplate\":\"https:\/\/saltysurfpopoyo.com\/fr\/?s={search_term_string}\"},\"query-input\":\"required name=search_term_string\"}],\"inLanguage\":\"fr-FR\"},{\"@type\":\"Organization\",\"@id\":\"https:\/\/saltysurfpopoyo.com\/fr\/#organization\",\"name\":\"SALTY SURF POPOYO\/\/ NICARAGUA\",\"url\":\"https:\/\/saltysurfpopoyo.com\/fr\/\",\"logo\":{\"@type\":\"ImageObject\",\"inLanguage\":\"fr-FR\",\"@id\":\"https:\/\/saltysurfpopoyo.com\/fr\/#\/schema\/logo\/image\/\",\"url\":\"https:\/\/saltysurfpopoyo.com\/wp-content\/uploads\/2024\/05\/cropped-Salty-Surf-Popoyo-scaled-1.jpg\",\"contentUrl\":\"https:\/\/saltysurfpopoyo.com\/wp-content\/uploads\/2024\/05\/cropped-Salty-Surf-Popoyo-scaled-1.jpg\",\"width\":2559,\"height\":2392,\"caption\":\"SALTY SURF POPOYO\/\/ NICARAGUA\"},\"image\":{\"@id\":\"https:\/\/saltysurfpopoyo.com\/fr\/#\/schema\/logo\/image\/\"}}]}<\/script>\n<!-- \/ Yoast SEO plugin. -->","yoast_head_json":{"title":"Maison de plage | Popoyo Beach | Surf House | Nicaragua | Vagues | Yoga","description":"Salty Surf Popoyo, votre maison de plage \u00e0 Popoyo Beach au Nicaragua, nombreux spots de surf et vagues parfaites \u00e0 pied. Surf pour tous.","robots":{"index":"index","follow":"follow","max-snippet":"max-snippet:-1","max-image-preview":"max-image-preview:large","max-video-preview":"max-video-preview:-1"},"canonical":"https:\/\/saltysurfpopoyo.com\/fr\/index.php\/popoyo-beach\/","og_locale":"fr_FR","og_type":"article","og_title":"Maison de plage | Popoyo Beach | Surf House | Nicaragua | Vagues | Yoga","og_description":"Salty Surf Popoyo, votre maison de plage \u00e0 Popoyo Beach au Nicaragua, nombreux spots de surf et vagues parfaites \u00e0 pied. Surf pour tous.","og_url":"https:\/\/saltysurfpopoyo.com\/fr\/index.php\/popoyo-beach\/","og_site_name":"SALTY SURF POPOYO\/\/ NICARAGUA","article_modified_time":"2022-12-26T12:21:18+00:00","twitter_card":"summary_large_image","twitter_misc":{"Dur\u00e9e de lecture estim\u00e9e":"3 minutes"},"schema":{"@context":"https:\/\/schema.org","@graph":[{"@type":"WebPage","@id":"https:\/\/saltysurfpopoyo.com\/fr\/index.php\/popoyo-beach\/","url":"https:\/\/saltysurfpopoyo.com\/fr\/index.php\/popoyo-beach\/","name":"Maison de plage | Popoyo Beach | Surf House | Nicaragua | Vagues | Yoga","isPartOf":{"@id":"https:\/\/saltysurfpopoyo.com\/fr\/#website"},"datePublished":"2021-01-20T20:59:58+00:00","dateModified":"2022-12-26T12:21:18+00:00","description":"Salty Surf Popoyo, votre maison de plage \u00e0 Popoyo Beach au Nicaragua, nombreux spots de surf et vagues parfaites \u00e0 pied. Surf pour tous.","breadcrumb":{"@id":"https:\/\/saltysurfpopoyo.com\/fr\/index.php\/popoyo-beach\/#breadcrumb"},"inLanguage":"fr-FR","potentialAction":[{"@type":"ReadAction","target":["https:\/\/saltysurfpopoyo.com\/fr\/index.php\/popoyo-beach\/"]}]},{"@type":"BreadcrumbList","@id":"https:\/\/saltysurfpopoyo.com\/fr\/index.php\/popoyo-beach\/#breadcrumb","itemListElement":[{"@type":"ListItem","position":1,"name":"Home","item":"https:\/\/saltysurfpopoyo.com\/fr\/"},{"@type":"ListItem","position":2,"name":"Popoyo Surf Houses"}]},{"@type":"WebSite","@id":"https:\/\/saltysurfpopoyo.com\/fr\/#website","url":"https:\/\/saltysurfpopoyo.com\/fr\/","name":"SALTY SURF POPOYO\/\/ NICARAGUA","description":"Beachfront Surf Houses in Popoyo Nicaragua.","publisher":{"@id":"https:\/\/saltysurfpopoyo.com\/fr\/#organization"},"potentialAction":[{"@type":"SearchAction","target":{"@type":"EntryPoint","urlTemplate":"https:\/\/saltysurfpopoyo.com\/fr\/?s={search_term_string}"},"query-input":"required name=search_term_string"}],"inLanguage":"fr-FR"},{"@type":"Organization","@id":"https:\/\/saltysurfpopoyo.com\/fr\/#organization","name":"SALTY SURF POPOYO\/\/ NICARAGUA","url":"https:\/\/saltysurfpopoyo.com\/fr\/","logo":{"@type":"ImageObject","inLanguage":"fr-FR","@id":"https:\/\/saltysurfpopoyo.com\/fr\/#\/schema\/logo\/image\/","url":"https:\/\/saltysurfpopoyo.com\/wp-content\/uploads\/2024\/05\/cropped-Salty-Surf-Popoyo-scaled-1.jpg","contentUrl":"https:\/\/saltysurfpopoyo.com\/wp-content\/uploads\/2024\/05\/cropped-Salty-Surf-Popoyo-scaled-1.jpg","width":2559,"height":2392,"caption":"SALTY SURF POPOYO\/\/ NICARAGUA"},"image":{"@id":"https:\/\/saltysurfpopoyo.com\/fr\/#\/schema\/logo\/image\/"}}]}},"_links":{"self":[{"href":"https:\/\/saltysurfpopoyo.com\/fr\/index.php\/wp-json\/wp\/v2\/pages\/1145","targetHints":{"allow":["GET"]}}],"collection":[{"href":"https:\/\/saltysurfpopoyo.com\/fr\/index.php\/wp-json\/wp\/v2\/pages"}],"about":[{"href":"https:\/\/saltysurfpopoyo.com\/fr\/index.php\/wp-json\/wp\/v2\/types\/page"}],"author":[{"embeddable":true,"href":"https:\/\/saltysurfpopoyo.com\/fr\/index.php\/wp-json\/wp\/v2\/users\/2"}],"replies":[{"embeddable":true,"href":"https:\/\/saltysurfpopoyo.com\/fr\/index.php\/wp-json\/wp\/v2\/comments?post=1145"}],"version-history":[{"count":25,"href":"https:\/\/saltysurfpopoyo.com\/fr\/index.php\/wp-json\/wp\/v2\/pages\/1145\/revisions"}],"predecessor-version":[{"id":2879,"href":"https:\/\/saltysurfpopoyo.com\/fr\/index.php\/wp-json\/wp\/v2\/pages\/1145\/revisions\/2879"}],"wp:attachment":[{"href":"https:\/\/saltysurfpopoyo.com\/fr\/index.php\/wp-json\/wp\/v2\/media?parent=1145"}],"curies":[{"name":"wp","href":"https:\/\/api.w.org\/{rel}","templated":true}]}}