{"id":1139,"date":"2021-01-19T16:09:05","date_gmt":"2021-01-19T16:09:05","guid":{"rendered":"https:\/\/saltysurfpopoyo.com\/index.php\/sample-page\/"},"modified":"2022-06-19T15:23:19","modified_gmt":"2022-06-19T15:23:19","slug":"surf-nicaragua","status":"publish","type":"page","link":"https:\/\/saltysurfpopoyo.com\/fr\/index.php\/surf-nicaragua\/","title":{"rendered":"Surf Nicaragua"},"content":{"rendered":"<p>[vc_row][vc_column][vc_column_text]<\/p>\n<h1 style=\"text-align: center;\">SURFER au NICARAGUA avec SALTY SURF NICARAGUA<\/h1>\n<p>[\/vc_column_text][vc_row_inner][vc_column_inner width=\u00a0\u00bb1\/3&Prime;][vc_single_image image=\u00a0\u00bb610&Prime; img_size=\u00a0\u00bblarge\u00a0\u00bb][\/vc_column_inner][vc_column_inner width=\u00a0\u00bb1\/3&Prime;][vc_single_image image=\u00a0\u00bb642&Prime; img_size=\u00a0\u00bblarge\u00a0\u00bb][\/vc_column_inner][vc_column_inner width=\u00a0\u00bb1\/3&Prime;][vc_single_image image=\u00a0\u00bb618&Prime; img_size=\u00a0\u00bblarge\u00a0\u00bb][\/vc_column_inner][\/vc_row_inner][vc_column_text]<\/p>\n<p id=\"tw-target-text\" class=\"tw-data-text tw-text-large tw-ta\" dir=\"ltr\" data-placeholder=\"Translation\"><span class=\"Y2IQFc\" lang=\"en\">Plus de 15 <strong>spots de surf<\/strong> dans la r\u00e9gion, un vent off shore permanent, cette zone du <strong>Nicaragua<\/strong> est vraiment un <strong>paradis du surf Nicaragua<\/strong>.<\/span><\/p>\n<p class=\"tw-data-text tw-text-large tw-ta\" dir=\"ltr\" data-placeholder=\"Translation\"><span class=\"Y2IQFc\" lang=\"en\">Des <strong>spots de surf<\/strong> pour tous les niveaux et tous les go\u00fbts. Des <strong>beach breaks<\/strong> creux pour se glisser dans les tubes, des <strong>longs points breaks<\/strong> \u00e0\u00a0manoeuvres et des <strong>reefs breaks<\/strong> parfaits. <\/span><\/p>\n<p class=\"tw-data-text tw-text-large tw-ta\" dir=\"ltr\" data-placeholder=\"Translation\"><span class=\"Y2IQFc\" lang=\"en\"><strong>Les spots de surf du Nicaragua<\/strong> sont adapt\u00e9s \u00e0 tous:<\/span><\/p>\n<ul>\n<li class=\"tw-data-text tw-text-large tw-ta\" dir=\"ltr\" data-placeholder=\"Translation\"><span class=\"Y2IQFc\" lang=\"en\"><strong>Aux bons surfeurs<\/strong> \u00e0 la recherche de tubes et des manoeuvres appuy\u00e9es.<\/span><\/li>\n<li dir=\"ltr\" data-placeholder=\"Translation\"><span class=\"Y2IQFc\" lang=\"en\"><strong>Aux surfeurs interm\u00e9diaires<\/strong> \u00e0 la recherche de vagues fun.<\/span><\/li>\n<li dir=\"ltr\" data-placeholder=\"Translation\"><span class=\"Y2IQFc\" lang=\"en\"><strong>Aux surfeurs en devenir<\/strong> cherchant de longues vagues.<\/span><\/li>\n<li dir=\"ltr\" data-placeholder=\"Translation\"><span class=\"Y2IQFc\" lang=\"en\"><strong>Aux enfants surfeurs<\/strong> avec des spots tr\u00e8s prot\u00e9g\u00e9s et des petites vagues.<\/span><\/li>\n<\/ul>\n<p class=\"tw-data-text tw-text-large tw-ta\" dir=\"ltr\" style=\"text-align: center;\" data-placeholder=\"Translation\"><em><strong><span class=\"Y2IQFc\" lang=\"en\">\u00ab\u00a0Vous pouvez surfer un beach break avec des vagues qui tubent d&rsquo;1,5m pendant que vos enfants glissent sur des vagues de 60cm d\u00e9roulant sur 100m&#8230;.A moins de 10 min \u00e0 pied des surf houses\u00a0\u00bb<\/span><\/strong><\/em><\/p>\n<p dir=\"ltr\" data-placeholder=\"Translation\">\u00ab\u00a0Le <strong>surf au Nicaragua<\/strong> est certainement l&rsquo;un des meilleurs au monde avec une diversit\u00e9 de <strong>spots de surf<\/strong> incroyable et des <strong>vagues<\/strong> toute l&rsquo;ann\u00e9e.\u00a0\u00bb<\/p>\n<p>[\/vc_column_text][vc_row_inner][vc_column_inner width=\u00a0\u00bb1\/3&Prime;][vc_single_image image=\u00a0\u00bb2421&Prime; img_size=\u00a0\u00bblarge\u00a0\u00bb][\/vc_column_inner][vc_column_inner width=\u00a0\u00bb1\/3&Prime;][vc_single_image image=\u00a0\u00bb2273&Prime; img_size=\u00a0\u00bblarge\u00a0\u00bb][\/vc_column_inner][vc_column_inner width=\u00a0\u00bb1\/3&Prime;][vc_single_image image=\u00a0\u00bb2285&Prime; img_size=\u00a0\u00bblarge\u00a0\u00bb][\/vc_column_inner][\/vc_row_inner][vc_column_text css_animation=\u00a0\u00bbnone\u00a0\u00bb]En suivant quelques photos des\u00a0 <strong>spots de surf<\/strong> de la r\u00e9gion de <strong>Popoyo<\/strong>.<\/p>\n<p>Avant votre arriv\u00e9e \u00e0 <strong>Salty Surf Popoyo<\/strong> je vous enverrai un briefing avec les infos pratiques sur les <strong>spots de surf<\/strong>\u00a0 ainsi qu&rsquo;une carte avec leur localisation.<\/p>\n<p>2005: Premier <strong>surf trip<\/strong> au <strong>Nicaragua<\/strong> avec sac \u00e0\u00a0dos et planches sous le bras.<\/p>\n<p>2008:\u00a0 Construction d&rsquo;un des premiers <strong>surf camps<\/strong> du <strong>Nicaragua<\/strong>. Nous sommes diplom\u00e9s BE francais de <strong>surf<\/strong>. Nous saurons vous accompagner et vous donner les bonnes informations sur les <strong>spots de surf Nicaragua<\/strong> , les <strong>vagues<\/strong>, les mar\u00e9es en fonction de vos envies et de votre niveau.[\/vc_column_text][vc_column_text css_animation=\u00a0\u00bbfadeInLeft\u00a0\u00bb]<\/p>\n<h3 style=\"text-align: center;\"><strong><span style=\"color: #61adad;\">\u00ab\u00a0Surfer quelques jours ou plus avec un guide local qui connait parfaitement les spots est une excellente option pour d\u00e9couvrir rapidement toutes les vagues de la r\u00e9gion de Popoyo \/\/ Nicaragua.\u00a0\u00bb<\/span><\/strong><\/h3>\n<p>[\/vc_column_text][\/vc_column][\/vc_row][vc_row][vc_column width=\u00a0\u00bb1\/2&Prime;][vc_single_image image=\u00a0\u00bb1746&Prime; img_size=\u00a0\u00bbfull\u00a0\u00bb][\/vc_column][vc_column width=\u00a0\u00bb1\/2&Prime;][vc_column_text]<em><strong>EROL<\/strong> est un des premiers locaux de <strong>Popoyo<\/strong>. Il poss\u00e8de <strong>Sardina Surf School Popoyo<\/strong>. Contactez le <strong>@alocalmovement<\/strong> pour des <strong>cours de surf<\/strong>, du <strong>Surf Coaching<\/strong>, il est un <strong>excellent guide<\/strong> , a un <strong>bon 4*4<\/strong>, connait parfaitement tous les spots et est tr\u00e8s fun&#8230;.<strong>Avec Erol de belles sessions sont assur\u00e9es ainsi que du bon temps!<\/strong><\/em><\/p>\n<p><em>\u00ab\u00a0Qui veut venir explorer les spots du Nord en bateau??\u00a0\u00bb<\/em>[\/vc_column_text][\/vc_column][\/vc_row][vc_row][vc_column][vc_column_text]<\/p>\n<h2 style=\"text-align: center;\">PLANCHES DE SURF A LOUER<\/h2>\n<p>[\/vc_column_text][\/vc_column][\/vc_row][vc_row][vc_column width=\u00a0\u00bb1\/2&Prime;][vc_column_text]<em><strong>Odile &amp; Chrostobal<\/strong> de <strong>Popoyo Surf Shop<\/strong> \u00e0\u00a0<strong>Guasacate<\/strong> ( 15 min) proposent un excellent quiver de <strong>planches \u00e0 louer<\/strong> en bon \u00e9tat et pour tous les niveaux.<\/em><\/p>\n<p><em>Ils sont aussi <strong>shapers<\/strong> et shapent des planches magnifiques, visitez leur insta <strong>@purelinessurfboards<\/strong>. Contactez les si vous voulez leur commander une <strong>planche sur mesure<\/strong> pour votre <strong>surf trip au Nicaragua<\/strong>!!!<\/em>[\/vc_column_text][\/vc_column][vc_column width=\u00a0\u00bb1\/2&Prime;][vc_single_image image=\u00a0\u00bb1754&Prime; img_size=\u00a0\u00bbfull\u00a0\u00bb][\/vc_column][\/vc_row][vc_row][vc_column width=\u00a0\u00bb1\/2&Prime;][vc_single_image image=\u00a0\u00bb1750&Prime; img_size=\u00a0\u00bbfull\u00a0\u00bb][\/vc_column][vc_column width=\u00a0\u00bb1\/2&Prime;][vc_column_text]<b><i>Mario &amp; son \u00e9quipe<\/i><\/b><i> de <strong>@beginnersbaysurfschool<\/strong> situ\u00e9e \u00e0 <strong>Beginners Bay<\/strong> ( 10min \u00e0 pied) ont des <strong>grandes planches \u00e0 louer<\/strong>. Location \u00e0 la session, \u00e0 la journ\u00e9e, \u00e0 la semaine ou au mois avec possibilit\u00e9 de laisser la planche \u00e0 la tente <strong>face au spot<\/strong> pour \u00e9viter de la transporter! <strong>Cours de surf avec les meilleurs locaux de Popoyo.<\/strong><\/i>[\/vc_column_text][\/vc_column][\/vc_row][vc_row][vc_column][vc_media_grid grid_id=\u00a0\u00bbvc_gid:1655652192104-8b5681d8-3b41-8&Prime; include=\u00a0\u00bb2161,2165,2169,2197,2193,2189,2185,2181,1992,1996,2000,2029,2024,2020,2016,2012,2008,2004,2033,2037,2041,2049,2053,2057,2081,2085,2045,2077,2073,2069,2065,2061,2089,2093,2097,2101,2105,2109,2113,2141,2137,2133,2129,2125,2153,2157,2149,2121,2117,2145,2173,2177,2201,2205,2209,2213,2217,2221,2225,2253,2249,2245,2241,2237,2233,2229,2257,2261,2265,2269,2273,2277,2281,2309,2337,2333,2305,2301,2329,2325,2297,2293,2321,2317,2289,2285,2313,2341,2345,2349,2353,2357,2361,2365,2393,2389,2385,2381,2377,2373,2369,2397,2401,2405,2409,2413,2417,2421,2449,2445,2441,2437,2433,2429,2425,2453,2457,2461,2465,2469,2477&Prime;][\/vc_column][\/vc_row]<\/p>\n","protected":false},"excerpt":{"rendered":"<p>[vc_row][vc_column][vc_column_text] SURFER au NICARAGUA avec SALTY SURF NICARAGUA [\/vc_column_text][vc_row_inner][vc_column_inner width=\u00a0\u00bb1\/3&Prime;][vc_single_image image=\u00a0\u00bb610&Prime; img_size=\u00a0\u00bblarge\u00a0\u00bb][\/vc_column_inner][vc_column_inner width=\u00a0\u00bb1\/3&Prime;][vc_single_image image=\u00a0\u00bb642&Prime; img_size=\u00a0\u00bblarge\u00a0\u00bb][\/vc_column_inner][vc_column_inner width=\u00a0\u00bb1\/3&Prime;][vc_single_image image=\u00a0\u00bb618&Prime; img_size=\u00a0\u00bblarge\u00a0\u00bb][\/vc_column_inner][\/vc_row_inner][vc_column_text] Plus de&hellip;<\/p>\n","protected":false},"author":1,"featured_media":0,"parent":0,"menu_order":0,"comment_status":"closed","ping_status":"open","template":"","meta":{"_coblocks_attr":"","_coblocks_dimensions":"","_coblocks_responsive_height":"","_coblocks_accordion_ie_support":"","_monsterinsights_skip_tracking":false,"_monsterinsights_sitenote_active":false,"_monsterinsights_sitenote_note":"","_monsterinsights_sitenote_category":0,"footnotes":""},"class_list":["post-1139","page","type-page","status-publish","hentry"],"yoast_head":"<!-- This site is optimized with the Yoast SEO plugin v22.5 - https:\/\/yoast.com\/wordpress\/plugins\/seo\/ -->\n<title>SURF NICARAGUA | SALTY SURF POPOYO | SPOTS DE SURF<\/title>\n<meta name=\"description\" content=\"Surfer au Nicaragua avec SALTY SURF POPOYO, des surf houses sur la plage de Popoyo avec nombreux spots de surf nicaragua \u00e0 pied.\" \/>\n<meta name=\"robots\" content=\"index, follow, max-snippet:-1, max-image-preview:large, max-video-preview:-1\" \/>\n<link rel=\"canonical\" href=\"https:\/\/saltysurfpopoyo.com\/fr\/index.php\/surf-nicaragua\/\" \/>\n<meta property=\"og:locale\" content=\"fr_FR\" \/>\n<meta property=\"og:type\" content=\"article\" \/>\n<meta property=\"og:title\" content=\"SURF NICARAGUA | SALTY SURF POPOYO | SPOTS DE SURF\" \/>\n<meta property=\"og:description\" content=\"Surfer au Nicaragua avec SALTY SURF POPOYO, des surf houses sur la plage de Popoyo avec nombreux spots de surf nicaragua \u00e0 pied.\" \/>\n<meta property=\"og:url\" content=\"https:\/\/saltysurfpopoyo.com\/fr\/index.php\/surf-nicaragua\/\" \/>\n<meta property=\"og:site_name\" content=\"SALTY SURF POPOYO\/\/ NICARAGUA\" \/>\n<meta property=\"article:modified_time\" content=\"2022-06-19T15:23:19+00:00\" \/>\n<meta name=\"twitter:card\" content=\"summary_large_image\" \/>\n<meta name=\"twitter:label1\" content=\"Dur\u00e9e de lecture estim\u00e9e\" \/>\n\t<meta name=\"twitter:data1\" content=\"3 minutes\" \/>\n<script type=\"application\/ld+json\" class=\"yoast-schema-graph\">{\"@context\":\"https:\/\/schema.org\",\"@graph\":[{\"@type\":\"WebPage\",\"@id\":\"https:\/\/saltysurfpopoyo.com\/fr\/index.php\/surf-nicaragua\/\",\"url\":\"https:\/\/saltysurfpopoyo.com\/fr\/index.php\/surf-nicaragua\/\",\"name\":\"SURF NICARAGUA | SALTY SURF POPOYO | SPOTS DE SURF\",\"isPartOf\":{\"@id\":\"https:\/\/saltysurfpopoyo.com\/fr\/#website\"},\"datePublished\":\"2021-01-19T16:09:05+00:00\",\"dateModified\":\"2022-06-19T15:23:19+00:00\",\"description\":\"Surfer au Nicaragua avec SALTY SURF POPOYO, des surf houses sur la plage de Popoyo avec nombreux spots de surf nicaragua \u00e0 pied.\",\"breadcrumb\":{\"@id\":\"https:\/\/saltysurfpopoyo.com\/fr\/index.php\/surf-nicaragua\/#breadcrumb\"},\"inLanguage\":\"fr-FR\",\"potentialAction\":[{\"@type\":\"ReadAction\",\"target\":[\"https:\/\/saltysurfpopoyo.com\/fr\/index.php\/surf-nicaragua\/\"]}]},{\"@type\":\"BreadcrumbList\",\"@id\":\"https:\/\/saltysurfpopoyo.com\/fr\/index.php\/surf-nicaragua\/#breadcrumb\",\"itemListElement\":[{\"@type\":\"ListItem\",\"position\":1,\"name\":\"Home\",\"item\":\"https:\/\/saltysurfpopoyo.com\/fr\/\"},{\"@type\":\"ListItem\",\"position\":2,\"name\":\"Surf Nicaragua\"}]},{\"@type\":\"WebSite\",\"@id\":\"https:\/\/saltysurfpopoyo.com\/fr\/#website\",\"url\":\"https:\/\/saltysurfpopoyo.com\/fr\/\",\"name\":\"SALTY SURF POPOYO\/\/ NICARAGUA\",\"description\":\"Beachfront Surf Houses in Popoyo Nicaragua.\",\"publisher\":{\"@id\":\"https:\/\/saltysurfpopoyo.com\/fr\/#organization\"},\"potentialAction\":[{\"@type\":\"SearchAction\",\"target\":{\"@type\":\"EntryPoint\",\"urlTemplate\":\"https:\/\/saltysurfpopoyo.com\/fr\/?s={search_term_string}\"},\"query-input\":\"required name=search_term_string\"}],\"inLanguage\":\"fr-FR\"},{\"@type\":\"Organization\",\"@id\":\"https:\/\/saltysurfpopoyo.com\/fr\/#organization\",\"name\":\"SALTY SURF POPOYO\/\/ NICARAGUA\",\"url\":\"https:\/\/saltysurfpopoyo.com\/fr\/\",\"logo\":{\"@type\":\"ImageObject\",\"inLanguage\":\"fr-FR\",\"@id\":\"https:\/\/saltysurfpopoyo.com\/fr\/#\/schema\/logo\/image\/\",\"url\":\"https:\/\/saltysurfpopoyo.com\/wp-content\/uploads\/2024\/05\/cropped-Salty-Surf-Popoyo-scaled-1.jpg\",\"contentUrl\":\"https:\/\/saltysurfpopoyo.com\/wp-content\/uploads\/2024\/05\/cropped-Salty-Surf-Popoyo-scaled-1.jpg\",\"width\":2559,\"height\":2392,\"caption\":\"SALTY SURF POPOYO\/\/ NICARAGUA\"},\"image\":{\"@id\":\"https:\/\/saltysurfpopoyo.com\/fr\/#\/schema\/logo\/image\/\"}}]}<\/script>\n<!-- \/ Yoast SEO plugin. -->","yoast_head_json":{"title":"SURF NICARAGUA | SALTY SURF POPOYO | SPOTS DE SURF","description":"Surfer au Nicaragua avec SALTY SURF POPOYO, des surf houses sur la plage de Popoyo avec nombreux spots de surf nicaragua \u00e0 pied.","robots":{"index":"index","follow":"follow","max-snippet":"max-snippet:-1","max-image-preview":"max-image-preview:large","max-video-preview":"max-video-preview:-1"},"canonical":"https:\/\/saltysurfpopoyo.com\/fr\/index.php\/surf-nicaragua\/","og_locale":"fr_FR","og_type":"article","og_title":"SURF NICARAGUA | SALTY SURF POPOYO | SPOTS DE SURF","og_description":"Surfer au Nicaragua avec SALTY SURF POPOYO, des surf houses sur la plage de Popoyo avec nombreux spots de surf nicaragua \u00e0 pied.","og_url":"https:\/\/saltysurfpopoyo.com\/fr\/index.php\/surf-nicaragua\/","og_site_name":"SALTY SURF POPOYO\/\/ NICARAGUA","article_modified_time":"2022-06-19T15:23:19+00:00","twitter_card":"summary_large_image","twitter_misc":{"Dur\u00e9e de lecture estim\u00e9e":"3 minutes"},"schema":{"@context":"https:\/\/schema.org","@graph":[{"@type":"WebPage","@id":"https:\/\/saltysurfpopoyo.com\/fr\/index.php\/surf-nicaragua\/","url":"https:\/\/saltysurfpopoyo.com\/fr\/index.php\/surf-nicaragua\/","name":"SURF NICARAGUA | SALTY SURF POPOYO | SPOTS DE SURF","isPartOf":{"@id":"https:\/\/saltysurfpopoyo.com\/fr\/#website"},"datePublished":"2021-01-19T16:09:05+00:00","dateModified":"2022-06-19T15:23:19+00:00","description":"Surfer au Nicaragua avec SALTY SURF POPOYO, des surf houses sur la plage de Popoyo avec nombreux spots de surf nicaragua \u00e0 pied.","breadcrumb":{"@id":"https:\/\/saltysurfpopoyo.com\/fr\/index.php\/surf-nicaragua\/#breadcrumb"},"inLanguage":"fr-FR","potentialAction":[{"@type":"ReadAction","target":["https:\/\/saltysurfpopoyo.com\/fr\/index.php\/surf-nicaragua\/"]}]},{"@type":"BreadcrumbList","@id":"https:\/\/saltysurfpopoyo.com\/fr\/index.php\/surf-nicaragua\/#breadcrumb","itemListElement":[{"@type":"ListItem","position":1,"name":"Home","item":"https:\/\/saltysurfpopoyo.com\/fr\/"},{"@type":"ListItem","position":2,"name":"Surf Nicaragua"}]},{"@type":"WebSite","@id":"https:\/\/saltysurfpopoyo.com\/fr\/#website","url":"https:\/\/saltysurfpopoyo.com\/fr\/","name":"SALTY SURF POPOYO\/\/ NICARAGUA","description":"Beachfront Surf Houses in Popoyo Nicaragua.","publisher":{"@id":"https:\/\/saltysurfpopoyo.com\/fr\/#organization"},"potentialAction":[{"@type":"SearchAction","target":{"@type":"EntryPoint","urlTemplate":"https:\/\/saltysurfpopoyo.com\/fr\/?s={search_term_string}"},"query-input":"required name=search_term_string"}],"inLanguage":"fr-FR"},{"@type":"Organization","@id":"https:\/\/saltysurfpopoyo.com\/fr\/#organization","name":"SALTY SURF POPOYO\/\/ NICARAGUA","url":"https:\/\/saltysurfpopoyo.com\/fr\/","logo":{"@type":"ImageObject","inLanguage":"fr-FR","@id":"https:\/\/saltysurfpopoyo.com\/fr\/#\/schema\/logo\/image\/","url":"https:\/\/saltysurfpopoyo.com\/wp-content\/uploads\/2024\/05\/cropped-Salty-Surf-Popoyo-scaled-1.jpg","contentUrl":"https:\/\/saltysurfpopoyo.com\/wp-content\/uploads\/2024\/05\/cropped-Salty-Surf-Popoyo-scaled-1.jpg","width":2559,"height":2392,"caption":"SALTY SURF POPOYO\/\/ NICARAGUA"},"image":{"@id":"https:\/\/saltysurfpopoyo.com\/fr\/#\/schema\/logo\/image\/"}}]}},"_links":{"self":[{"href":"https:\/\/saltysurfpopoyo.com\/fr\/index.php\/wp-json\/wp\/v2\/pages\/1139","targetHints":{"allow":["GET"]}}],"collection":[{"href":"https:\/\/saltysurfpopoyo.com\/fr\/index.php\/wp-json\/wp\/v2\/pages"}],"about":[{"href":"https:\/\/saltysurfpopoyo.com\/fr\/index.php\/wp-json\/wp\/v2\/types\/page"}],"author":[{"embeddable":true,"href":"https:\/\/saltysurfpopoyo.com\/fr\/index.php\/wp-json\/wp\/v2\/users\/1"}],"replies":[{"embeddable":true,"href":"https:\/\/saltysurfpopoyo.com\/fr\/index.php\/wp-json\/wp\/v2\/comments?post=1139"}],"version-history":[{"count":19,"href":"https:\/\/saltysurfpopoyo.com\/fr\/index.php\/wp-json\/wp\/v2\/pages\/1139\/revisions"}],"predecessor-version":[{"id":2664,"href":"https:\/\/saltysurfpopoyo.com\/fr\/index.php\/wp-json\/wp\/v2\/pages\/1139\/revisions\/2664"}],"wp:attachment":[{"href":"https:\/\/saltysurfpopoyo.com\/fr\/index.php\/wp-json\/wp\/v2\/media?parent=1139"}],"curies":[{"name":"wp","href":"https:\/\/api.w.org\/{rel}","templated":true}]}}